{"id":242891,"date":"2025-08-05T12:05:53","date_gmt":"2025-08-05T10:05:53","guid":{"rendered":"https:\/\/www.loxamhune.com\/producto\/alquiler-de-caseta-244-x-7m-sanitario\/"},"modified":"2025-09-11T15:41:45","modified_gmt":"2025-09-11T13:41:45","slug":"alquiler-de-caseta-244-x-7m-sanitario","status":"publish","type":"product","link":"https:\/\/www.loxamhune.com\/pt\/producto\/alquiler-de-caseta-244-x-7m-sanitario\/","title":{"rendered":"Alquiler De Caseta 2,44 X 7m + Sanitario"},"content":{"rendered":"","protected":false},"excerpt":{"rendered":"<p>Caseta de 2,44 x 7 metros, acompa\u00f1ada de un Sanitario de alta calidad, dise\u00f1ada para brindar comodidad y funcionalidad, esta estructura vers\u00e1til es ideal para diversos usos. <\/p>\n","protected":false},"featured_media":242892,"template":"","meta":{"_acf_changed":false},"product_brand":[],"product_cat":[46],"product_tag":[],"class_list":{"0":"post-242891","1":"product","2":"type-product","3":"status-publish","4":"has-post-thumbnail","6":"product_cat-modular","8":"first","9":"instock","10":"taxable","11":"shipping-taxable","12":"product-type-simple"},"acf":[],"yoast_head":"<!-- This site is optimized with the Yoast SEO plugin v26.6 - https:\/\/yoast.com\/wordpress\/plugins\/seo\/ -->\n<title>Alquiler De Caseta 2,44 X 7m + Sanitario - LOXAM<\/title>\n<meta name=\"robots\" content=\"index, follow, max-snippet:-1, max-image-preview:large, max-video-preview:-1\" \/>\n<link rel=\"canonical\" href=\"https:\/\/www.loxamhune.com\/pt\/producto\/alquiler-de-caseta-244-x-7m-sanitario\/\" \/>\n<meta property=\"og:locale\" content=\"pt_PT\" \/>\n<meta property=\"og:type\" content=\"article\" \/>\n<meta property=\"og:title\" content=\"Alquiler De Caseta 2,44 X 7m + Sanitario - LOXAM\" \/>\n<meta property=\"og:description\" content=\"Caseta de 2,44 x 7 metros, acompa\u00f1ada de un Sanitario de alta calidad, dise\u00f1ada para brindar comodidad y funcionalidad, esta estructura vers\u00e1til es ideal para diversos usos.\" \/>\n<meta property=\"og:url\" content=\"https:\/\/www.loxamhune.com\/pt\/producto\/alquiler-de-caseta-244-x-7m-sanitario\/\" \/>\n<meta property=\"og:site_name\" content=\"LOXAM\" \/>\n<meta property=\"article:publisher\" content=\"https:\/\/www.facebook.com\/LoxamHune\" \/>\n<meta property=\"article:modified_time\" content=\"2025-09-11T13:41:45+00:00\" \/>\n<meta property=\"og:image\" content=\"https:\/\/www.loxamhune.com\/wp-content\/uploads\/2025\/08\/lxmh-product-modular.jpg\" \/>\n\t<meta property=\"og:image:width\" content=\"800\" \/>\n\t<meta property=\"og:image:height\" content=\"575\" \/>\n\t<meta property=\"og:image:type\" content=\"image\/jpeg\" \/>\n<meta name=\"twitter:card\" content=\"summary_large_image\" \/>\n<script type=\"application\/ld+json\" class=\"yoast-schema-graph\">{\"@context\":\"https:\/\/schema.org\",\"@graph\":[{\"@type\":\"WebPage\",\"@id\":\"https:\/\/www.loxamhune.com\/pt\/producto\/alquiler-de-caseta-244-x-7m-sanitario\/\",\"url\":\"https:\/\/www.loxamhune.com\/pt\/producto\/alquiler-de-caseta-244-x-7m-sanitario\/\",\"name\":\"Alquiler De Caseta 2,44 X 7m + Sanitario - LOXAM\",\"isPartOf\":{\"@id\":\"https:\/\/www.loxamhune.com\/pt\/#website\"},\"primaryImageOfPage\":{\"@id\":\"https:\/\/www.loxamhune.com\/pt\/producto\/alquiler-de-caseta-244-x-7m-sanitario\/#primaryimage\"},\"image\":{\"@id\":\"https:\/\/www.loxamhune.com\/pt\/producto\/alquiler-de-caseta-244-x-7m-sanitario\/#primaryimage\"},\"thumbnailUrl\":\"https:\/\/www.loxamhune.com\/wp-content\/uploads\/2025\/08\/lxmh-product-modular.jpg\",\"datePublished\":\"2025-08-05T10:05:53+00:00\",\"dateModified\":\"2025-09-11T13:41:45+00:00\",\"breadcrumb\":{\"@id\":\"https:\/\/www.loxamhune.com\/pt\/producto\/alquiler-de-caseta-244-x-7m-sanitario\/#breadcrumb\"},\"inLanguage\":\"pt-PT\",\"potentialAction\":[{\"@type\":\"ReadAction\",\"target\":[\"https:\/\/www.loxamhune.com\/pt\/producto\/alquiler-de-caseta-244-x-7m-sanitario\/\"]}]},{\"@type\":\"ImageObject\",\"inLanguage\":\"pt-PT\",\"@id\":\"https:\/\/www.loxamhune.com\/pt\/producto\/alquiler-de-caseta-244-x-7m-sanitario\/#primaryimage\",\"url\":\"https:\/\/www.loxamhune.com\/wp-content\/uploads\/2025\/08\/lxmh-product-modular.jpg\",\"contentUrl\":\"https:\/\/www.loxamhune.com\/wp-content\/uploads\/2025\/08\/lxmh-product-modular.jpg\",\"width\":800,\"height\":575},{\"@type\":\"BreadcrumbList\",\"@id\":\"https:\/\/www.loxamhune.com\/pt\/producto\/alquiler-de-caseta-244-x-7m-sanitario\/#breadcrumb\",\"itemListElement\":[{\"@type\":\"ListItem\",\"position\":1,\"name\":\"Home\",\"item\":\"https:\/\/www.loxamhune.com\/pt\/\"},{\"@type\":\"ListItem\",\"position\":2,\"name\":\"Produtos\",\"item\":\"https:\/\/www.loxamhune.com\/pt\/shop\/\"},{\"@type\":\"ListItem\",\"position\":3,\"name\":\"Alquiler De Caseta 2,44 X 7m + Sanitario\"}]},{\"@type\":\"WebSite\",\"@id\":\"https:\/\/www.loxamhune.com\/pt\/#website\",\"url\":\"https:\/\/www.loxamhune.com\/pt\/\",\"name\":\"LOXAM\",\"description\":\"Mucho m\u00e1s que un alquiler. L\u00edderes en alquiler de maquinaria y plataformas elevadoras en Espa\u00f1a y Portugal. Especialistas en Formaci\u00f3n y Eventos.\",\"publisher\":{\"@id\":\"https:\/\/www.loxamhune.com\/pt\/#organization\"},\"alternateName\":\"LOXAM\",\"potentialAction\":[{\"@type\":\"SearchAction\",\"target\":{\"@type\":\"EntryPoint\",\"urlTemplate\":\"https:\/\/www.loxamhune.com\/pt\/?s={search_term_string}\"},\"query-input\":{\"@type\":\"PropertyValueSpecification\",\"valueRequired\":true,\"valueName\":\"search_term_string\"}}],\"inLanguage\":\"pt-PT\"},{\"@type\":\"Organization\",\"@id\":\"https:\/\/www.loxamhune.com\/pt\/#organization\",\"name\":\"LOXAM\",\"url\":\"https:\/\/www.loxamhune.com\/pt\/\",\"logo\":{\"@type\":\"ImageObject\",\"inLanguage\":\"pt-PT\",\"@id\":\"https:\/\/www.loxamhune.com\/pt\/#\/schema\/logo\/image\/\",\"url\":\"https:\/\/www.loxamhune.com\/wp-content\/uploads\/2020\/09\/LOXAMHUNE.png\",\"contentUrl\":\"https:\/\/www.loxamhune.com\/wp-content\/uploads\/2020\/09\/LOXAMHUNE.png\",\"width\":120,\"height\":60,\"caption\":\"LOXAM\"},\"image\":{\"@id\":\"https:\/\/www.loxamhune.com\/pt\/#\/schema\/logo\/image\/\"},\"sameAs\":[\"https:\/\/www.facebook.com\/LoxamHune\",\"https:\/\/www.instagram.com\/loxam_es\/\",\"https:\/\/es.linkedin.com\/company\/loxam-espaa\",\"https:\/\/www.youtube.com\/channel\/UCplMUWbaAgrf-A0DOJeRkRg\"]}]}<\/script>\n<!-- \/ Yoast SEO plugin. -->","yoast_head_json":{"title":"Alquiler De Caseta 2,44 X 7m + Sanitario - LOXAM","robots":{"index":"index","follow":"follow","max-snippet":"max-snippet:-1","max-image-preview":"max-image-preview:large","max-video-preview":"max-video-preview:-1"},"canonical":"https:\/\/www.loxamhune.com\/pt\/producto\/alquiler-de-caseta-244-x-7m-sanitario\/","og_locale":"pt_PT","og_type":"article","og_title":"Alquiler De Caseta 2,44 X 7m + Sanitario - LOXAM","og_description":"Caseta de 2,44 x 7 metros, acompa\u00f1ada de un Sanitario de alta calidad, dise\u00f1ada para brindar comodidad y funcionalidad, esta estructura vers\u00e1til es ideal para diversos usos.","og_url":"https:\/\/www.loxamhune.com\/pt\/producto\/alquiler-de-caseta-244-x-7m-sanitario\/","og_site_name":"LOXAM","article_publisher":"https:\/\/www.facebook.com\/LoxamHune","article_modified_time":"2025-09-11T13:41:45+00:00","og_image":[{"width":800,"height":575,"url":"https:\/\/www.loxamhune.com\/wp-content\/uploads\/2025\/08\/lxmh-product-modular.jpg","type":"image\/jpeg"}],"twitter_card":"summary_large_image","schema":{"@context":"https:\/\/schema.org","@graph":[{"@type":"WebPage","@id":"https:\/\/www.loxamhune.com\/pt\/producto\/alquiler-de-caseta-244-x-7m-sanitario\/","url":"https:\/\/www.loxamhune.com\/pt\/producto\/alquiler-de-caseta-244-x-7m-sanitario\/","name":"Alquiler De Caseta 2,44 X 7m + Sanitario - LOXAM","isPartOf":{"@id":"https:\/\/www.loxamhune.com\/pt\/#website"},"primaryImageOfPage":{"@id":"https:\/\/www.loxamhune.com\/pt\/producto\/alquiler-de-caseta-244-x-7m-sanitario\/#primaryimage"},"image":{"@id":"https:\/\/www.loxamhune.com\/pt\/producto\/alquiler-de-caseta-244-x-7m-sanitario\/#primaryimage"},"thumbnailUrl":"https:\/\/www.loxamhune.com\/wp-content\/uploads\/2025\/08\/lxmh-product-modular.jpg","datePublished":"2025-08-05T10:05:53+00:00","dateModified":"2025-09-11T13:41:45+00:00","breadcrumb":{"@id":"https:\/\/www.loxamhune.com\/pt\/producto\/alquiler-de-caseta-244-x-7m-sanitario\/#breadcrumb"},"inLanguage":"pt-PT","potentialAction":[{"@type":"ReadAction","target":["https:\/\/www.loxamhune.com\/pt\/producto\/alquiler-de-caseta-244-x-7m-sanitario\/"]}]},{"@type":"ImageObject","inLanguage":"pt-PT","@id":"https:\/\/www.loxamhune.com\/pt\/producto\/alquiler-de-caseta-244-x-7m-sanitario\/#primaryimage","url":"https:\/\/www.loxamhune.com\/wp-content\/uploads\/2025\/08\/lxmh-product-modular.jpg","contentUrl":"https:\/\/www.loxamhune.com\/wp-content\/uploads\/2025\/08\/lxmh-product-modular.jpg","width":800,"height":575},{"@type":"BreadcrumbList","@id":"https:\/\/www.loxamhune.com\/pt\/producto\/alquiler-de-caseta-244-x-7m-sanitario\/#breadcrumb","itemListElement":[{"@type":"ListItem","position":1,"name":"Home","item":"https:\/\/www.loxamhune.com\/pt\/"},{"@type":"ListItem","position":2,"name":"Produtos","item":"https:\/\/www.loxamhune.com\/pt\/shop\/"},{"@type":"ListItem","position":3,"name":"Alquiler De Caseta 2,44 X 7m + Sanitario"}]},{"@type":"WebSite","@id":"https:\/\/www.loxamhune.com\/pt\/#website","url":"https:\/\/www.loxamhune.com\/pt\/","name":"LOXAM","description":"Mucho m\u00e1s que un alquiler. L\u00edderes en alquiler de maquinaria y plataformas elevadoras en Espa\u00f1a y Portugal. Especialistas en Formaci\u00f3n y Eventos.","publisher":{"@id":"https:\/\/www.loxamhune.com\/pt\/#organization"},"alternateName":"LOXAM","potentialAction":[{"@type":"SearchAction","target":{"@type":"EntryPoint","urlTemplate":"https:\/\/www.loxamhune.com\/pt\/?s={search_term_string}"},"query-input":{"@type":"PropertyValueSpecification","valueRequired":true,"valueName":"search_term_string"}}],"inLanguage":"pt-PT"},{"@type":"Organization","@id":"https:\/\/www.loxamhune.com\/pt\/#organization","name":"LOXAM","url":"https:\/\/www.loxamhune.com\/pt\/","logo":{"@type":"ImageObject","inLanguage":"pt-PT","@id":"https:\/\/www.loxamhune.com\/pt\/#\/schema\/logo\/image\/","url":"https:\/\/www.loxamhune.com\/wp-content\/uploads\/2020\/09\/LOXAMHUNE.png","contentUrl":"https:\/\/www.loxamhune.com\/wp-content\/uploads\/2020\/09\/LOXAMHUNE.png","width":120,"height":60,"caption":"LOXAM"},"image":{"@id":"https:\/\/www.loxamhune.com\/pt\/#\/schema\/logo\/image\/"},"sameAs":["https:\/\/www.facebook.com\/LoxamHune","https:\/\/www.instagram.com\/loxam_es\/","https:\/\/es.linkedin.com\/company\/loxam-espaa","https:\/\/www.youtube.com\/channel\/UCplMUWbaAgrf-A0DOJeRkRg"]}]}},"_links":{"self":[{"href":"https:\/\/www.loxamhune.com\/pt\/wp-json\/wp\/v2\/product\/242891","targetHints":{"allow":["GET"]}}],"collection":[{"href":"https:\/\/www.loxamhune.com\/pt\/wp-json\/wp\/v2\/product"}],"about":[{"href":"https:\/\/www.loxamhune.com\/pt\/wp-json\/wp\/v2\/types\/product"}],"wp:featuredmedia":[{"embeddable":true,"href":"https:\/\/www.loxamhune.com\/pt\/wp-json\/wp\/v2\/media\/242892"}],"wp:attachment":[{"href":"https:\/\/www.loxamhune.com\/pt\/wp-json\/wp\/v2\/media?parent=242891"}],"wp:term":[{"taxonomy":"product_brand","embeddable":true,"href":"https:\/\/www.loxamhune.com\/pt\/wp-json\/wp\/v2\/product_brand?post=242891"},{"taxonomy":"product_cat","embeddable":true,"href":"https:\/\/www.loxamhune.com\/pt\/wp-json\/wp\/v2\/product_cat?post=242891"},{"taxonomy":"product_tag","embeddable":true,"href":"https:\/\/www.loxamhune.com\/pt\/wp-json\/wp\/v2\/product_tag?post=242891"}],"curies":[{"name":"wp","href":"https:\/\/api.w.org\/{rel}","templated":true}]}}