{"id":242937,"date":"2025-08-05T12:07:04","date_gmt":"2025-08-05T10:07:04","guid":{"rendered":"https:\/\/www.loxamhune.com\/producto\/alquiler-de-compresor-electrico-regulable-25m3-160kw\/"},"modified":"2025-09-11T15:42:10","modified_gmt":"2025-09-11T13:42:10","slug":"alquiler-de-compresor-electrico-regulable-25m3-160kw","status":"publish","type":"product","link":"https:\/\/www.loxamhune.com\/pt\/producto\/alquiler-de-compresor-electrico-regulable-25m3-160kw\/","title":{"rendered":"Alquiler De Compresor El\u00e9ctrico Regulable 25m3 160kw"},"content":{"rendered":"","protected":false},"excerpt":{"rendered":"<p>Son los compresores con mejor rendimiento del mercado y mayor ahorro energ\u00e9tico.<\/p>\n","protected":false},"featured_media":242938,"template":"","meta":{"_acf_changed":false},"product_brand":[],"product_cat":[215],"product_tag":[],"class_list":{"0":"post-242937","1":"product","2":"type-product","3":"status-publish","4":"has-post-thumbnail","6":"product_cat-aire-comprimido","8":"first","9":"instock","10":"taxable","11":"shipping-taxable","12":"product-type-simple"},"acf":[],"yoast_head":"<!-- This site is optimized with the Yoast SEO plugin v26.6 - https:\/\/yoast.com\/wordpress\/plugins\/seo\/ -->\n<title>Alquiler De Compresor El\u00e9ctrico Regulable 25m3 160kw - LOXAM<\/title>\n<meta name=\"robots\" content=\"index, follow, max-snippet:-1, max-image-preview:large, max-video-preview:-1\" \/>\n<link rel=\"canonical\" href=\"https:\/\/www.loxamhune.com\/pt\/producto\/alquiler-de-compresor-electrico-regulable-25m3-160kw\/\" \/>\n<meta property=\"og:locale\" content=\"pt_PT\" \/>\n<meta property=\"og:type\" content=\"article\" \/>\n<meta property=\"og:title\" content=\"Alquiler De Compresor El\u00e9ctrico Regulable 25m3 160kw - LOXAM\" \/>\n<meta property=\"og:description\" content=\"Son los compresores con mejor rendimiento del mercado y mayor ahorro energ\u00e9tico.\" \/>\n<meta property=\"og:url\" content=\"https:\/\/www.loxamhune.com\/pt\/producto\/alquiler-de-compresor-electrico-regulable-25m3-160kw\/\" \/>\n<meta property=\"og:site_name\" content=\"LOXAM\" \/>\n<meta property=\"article:publisher\" content=\"https:\/\/www.facebook.com\/LoxamHune\" \/>\n<meta property=\"article:modified_time\" content=\"2025-09-11T13:42:10+00:00\" \/>\n<meta property=\"og:image\" content=\"https:\/\/www.loxamhune.com\/wp-content\/uploads\/2025\/08\/lxmh-product-Kaeser-COMPRESOR-ELECTRICO-21m3-y-24.7m3-1-1.jpg\" \/>\n\t<meta property=\"og:image:width\" content=\"1000\" \/>\n\t<meta property=\"og:image:height\" content=\"707\" \/>\n\t<meta property=\"og:image:type\" content=\"image\/jpeg\" \/>\n<meta name=\"twitter:card\" content=\"summary_large_image\" \/>\n<script type=\"application\/ld+json\" class=\"yoast-schema-graph\">{\"@context\":\"https:\/\/schema.org\",\"@graph\":[{\"@type\":\"WebPage\",\"@id\":\"https:\/\/www.loxamhune.com\/pt\/producto\/alquiler-de-compresor-electrico-regulable-25m3-160kw\/\",\"url\":\"https:\/\/www.loxamhune.com\/pt\/producto\/alquiler-de-compresor-electrico-regulable-25m3-160kw\/\",\"name\":\"Alquiler De Compresor El\u00e9ctrico Regulable 25m3 160kw - LOXAM\",\"isPartOf\":{\"@id\":\"https:\/\/www.loxamhune.com\/pt\/#website\"},\"primaryImageOfPage\":{\"@id\":\"https:\/\/www.loxamhune.com\/pt\/producto\/alquiler-de-compresor-electrico-regulable-25m3-160kw\/#primaryimage\"},\"image\":{\"@id\":\"https:\/\/www.loxamhune.com\/pt\/producto\/alquiler-de-compresor-electrico-regulable-25m3-160kw\/#primaryimage\"},\"thumbnailUrl\":\"https:\/\/www.loxamhune.com\/wp-content\/uploads\/2025\/08\/lxmh-product-Kaeser-COMPRESOR-ELECTRICO-21m3-y-24.7m3-1-1.jpg\",\"datePublished\":\"2025-08-05T10:07:04+00:00\",\"dateModified\":\"2025-09-11T13:42:10+00:00\",\"breadcrumb\":{\"@id\":\"https:\/\/www.loxamhune.com\/pt\/producto\/alquiler-de-compresor-electrico-regulable-25m3-160kw\/#breadcrumb\"},\"inLanguage\":\"pt-PT\",\"potentialAction\":[{\"@type\":\"ReadAction\",\"target\":[\"https:\/\/www.loxamhune.com\/pt\/producto\/alquiler-de-compresor-electrico-regulable-25m3-160kw\/\"]}]},{\"@type\":\"ImageObject\",\"inLanguage\":\"pt-PT\",\"@id\":\"https:\/\/www.loxamhune.com\/pt\/producto\/alquiler-de-compresor-electrico-regulable-25m3-160kw\/#primaryimage\",\"url\":\"https:\/\/www.loxamhune.com\/wp-content\/uploads\/2025\/08\/lxmh-product-Kaeser-COMPRESOR-ELECTRICO-21m3-y-24.7m3-1-1.jpg\",\"contentUrl\":\"https:\/\/www.loxamhune.com\/wp-content\/uploads\/2025\/08\/lxmh-product-Kaeser-COMPRESOR-ELECTRICO-21m3-y-24.7m3-1-1.jpg\",\"width\":1000,\"height\":707},{\"@type\":\"BreadcrumbList\",\"@id\":\"https:\/\/www.loxamhune.com\/pt\/producto\/alquiler-de-compresor-electrico-regulable-25m3-160kw\/#breadcrumb\",\"itemListElement\":[{\"@type\":\"ListItem\",\"position\":1,\"name\":\"Home\",\"item\":\"https:\/\/www.loxamhune.com\/pt\/\"},{\"@type\":\"ListItem\",\"position\":2,\"name\":\"Produtos\",\"item\":\"https:\/\/www.loxamhune.com\/pt\/shop\/\"},{\"@type\":\"ListItem\",\"position\":3,\"name\":\"Alquiler De Compresor El\u00e9ctrico Regulable 25m3 160kw\"}]},{\"@type\":\"WebSite\",\"@id\":\"https:\/\/www.loxamhune.com\/pt\/#website\",\"url\":\"https:\/\/www.loxamhune.com\/pt\/\",\"name\":\"LOXAM\",\"description\":\"Mucho m\u00e1s que un alquiler. L\u00edderes en alquiler de maquinaria y plataformas elevadoras en Espa\u00f1a y Portugal. Especialistas en Formaci\u00f3n y Eventos.\",\"publisher\":{\"@id\":\"https:\/\/www.loxamhune.com\/pt\/#organization\"},\"alternateName\":\"LOXAM\",\"potentialAction\":[{\"@type\":\"SearchAction\",\"target\":{\"@type\":\"EntryPoint\",\"urlTemplate\":\"https:\/\/www.loxamhune.com\/pt\/?s={search_term_string}\"},\"query-input\":{\"@type\":\"PropertyValueSpecification\",\"valueRequired\":true,\"valueName\":\"search_term_string\"}}],\"inLanguage\":\"pt-PT\"},{\"@type\":\"Organization\",\"@id\":\"https:\/\/www.loxamhune.com\/pt\/#organization\",\"name\":\"LOXAM\",\"url\":\"https:\/\/www.loxamhune.com\/pt\/\",\"logo\":{\"@type\":\"ImageObject\",\"inLanguage\":\"pt-PT\",\"@id\":\"https:\/\/www.loxamhune.com\/pt\/#\/schema\/logo\/image\/\",\"url\":\"https:\/\/www.loxamhune.com\/wp-content\/uploads\/2020\/09\/LOXAMHUNE.png\",\"contentUrl\":\"https:\/\/www.loxamhune.com\/wp-content\/uploads\/2020\/09\/LOXAMHUNE.png\",\"width\":120,\"height\":60,\"caption\":\"LOXAM\"},\"image\":{\"@id\":\"https:\/\/www.loxamhune.com\/pt\/#\/schema\/logo\/image\/\"},\"sameAs\":[\"https:\/\/www.facebook.com\/LoxamHune\",\"https:\/\/www.instagram.com\/loxam_es\/\",\"https:\/\/es.linkedin.com\/company\/loxam-espaa\",\"https:\/\/www.youtube.com\/channel\/UCplMUWbaAgrf-A0DOJeRkRg\"]}]}<\/script>\n<!-- \/ Yoast SEO plugin. -->","yoast_head_json":{"title":"Alquiler De Compresor El\u00e9ctrico Regulable 25m3 160kw - LOXAM","robots":{"index":"index","follow":"follow","max-snippet":"max-snippet:-1","max-image-preview":"max-image-preview:large","max-video-preview":"max-video-preview:-1"},"canonical":"https:\/\/www.loxamhune.com\/pt\/producto\/alquiler-de-compresor-electrico-regulable-25m3-160kw\/","og_locale":"pt_PT","og_type":"article","og_title":"Alquiler De Compresor El\u00e9ctrico Regulable 25m3 160kw - LOXAM","og_description":"Son los compresores con mejor rendimiento del mercado y mayor ahorro energ\u00e9tico.","og_url":"https:\/\/www.loxamhune.com\/pt\/producto\/alquiler-de-compresor-electrico-regulable-25m3-160kw\/","og_site_name":"LOXAM","article_publisher":"https:\/\/www.facebook.com\/LoxamHune","article_modified_time":"2025-09-11T13:42:10+00:00","og_image":[{"width":1000,"height":707,"url":"https:\/\/www.loxamhune.com\/wp-content\/uploads\/2025\/08\/lxmh-product-Kaeser-COMPRESOR-ELECTRICO-21m3-y-24.7m3-1-1.jpg","type":"image\/jpeg"}],"twitter_card":"summary_large_image","schema":{"@context":"https:\/\/schema.org","@graph":[{"@type":"WebPage","@id":"https:\/\/www.loxamhune.com\/pt\/producto\/alquiler-de-compresor-electrico-regulable-25m3-160kw\/","url":"https:\/\/www.loxamhune.com\/pt\/producto\/alquiler-de-compresor-electrico-regulable-25m3-160kw\/","name":"Alquiler De Compresor El\u00e9ctrico Regulable 25m3 160kw - LOXAM","isPartOf":{"@id":"https:\/\/www.loxamhune.com\/pt\/#website"},"primaryImageOfPage":{"@id":"https:\/\/www.loxamhune.com\/pt\/producto\/alquiler-de-compresor-electrico-regulable-25m3-160kw\/#primaryimage"},"image":{"@id":"https:\/\/www.loxamhune.com\/pt\/producto\/alquiler-de-compresor-electrico-regulable-25m3-160kw\/#primaryimage"},"thumbnailUrl":"https:\/\/www.loxamhune.com\/wp-content\/uploads\/2025\/08\/lxmh-product-Kaeser-COMPRESOR-ELECTRICO-21m3-y-24.7m3-1-1.jpg","datePublished":"2025-08-05T10:07:04+00:00","dateModified":"2025-09-11T13:42:10+00:00","breadcrumb":{"@id":"https:\/\/www.loxamhune.com\/pt\/producto\/alquiler-de-compresor-electrico-regulable-25m3-160kw\/#breadcrumb"},"inLanguage":"pt-PT","potentialAction":[{"@type":"ReadAction","target":["https:\/\/www.loxamhune.com\/pt\/producto\/alquiler-de-compresor-electrico-regulable-25m3-160kw\/"]}]},{"@type":"ImageObject","inLanguage":"pt-PT","@id":"https:\/\/www.loxamhune.com\/pt\/producto\/alquiler-de-compresor-electrico-regulable-25m3-160kw\/#primaryimage","url":"https:\/\/www.loxamhune.com\/wp-content\/uploads\/2025\/08\/lxmh-product-Kaeser-COMPRESOR-ELECTRICO-21m3-y-24.7m3-1-1.jpg","contentUrl":"https:\/\/www.loxamhune.com\/wp-content\/uploads\/2025\/08\/lxmh-product-Kaeser-COMPRESOR-ELECTRICO-21m3-y-24.7m3-1-1.jpg","width":1000,"height":707},{"@type":"BreadcrumbList","@id":"https:\/\/www.loxamhune.com\/pt\/producto\/alquiler-de-compresor-electrico-regulable-25m3-160kw\/#breadcrumb","itemListElement":[{"@type":"ListItem","position":1,"name":"Home","item":"https:\/\/www.loxamhune.com\/pt\/"},{"@type":"ListItem","position":2,"name":"Produtos","item":"https:\/\/www.loxamhune.com\/pt\/shop\/"},{"@type":"ListItem","position":3,"name":"Alquiler De Compresor El\u00e9ctrico Regulable 25m3 160kw"}]},{"@type":"WebSite","@id":"https:\/\/www.loxamhune.com\/pt\/#website","url":"https:\/\/www.loxamhune.com\/pt\/","name":"LOXAM","description":"Mucho m\u00e1s que un alquiler. L\u00edderes en alquiler de maquinaria y plataformas elevadoras en Espa\u00f1a y Portugal. Especialistas en Formaci\u00f3n y Eventos.","publisher":{"@id":"https:\/\/www.loxamhune.com\/pt\/#organization"},"alternateName":"LOXAM","potentialAction":[{"@type":"SearchAction","target":{"@type":"EntryPoint","urlTemplate":"https:\/\/www.loxamhune.com\/pt\/?s={search_term_string}"},"query-input":{"@type":"PropertyValueSpecification","valueRequired":true,"valueName":"search_term_string"}}],"inLanguage":"pt-PT"},{"@type":"Organization","@id":"https:\/\/www.loxamhune.com\/pt\/#organization","name":"LOXAM","url":"https:\/\/www.loxamhune.com\/pt\/","logo":{"@type":"ImageObject","inLanguage":"pt-PT","@id":"https:\/\/www.loxamhune.com\/pt\/#\/schema\/logo\/image\/","url":"https:\/\/www.loxamhune.com\/wp-content\/uploads\/2020\/09\/LOXAMHUNE.png","contentUrl":"https:\/\/www.loxamhune.com\/wp-content\/uploads\/2020\/09\/LOXAMHUNE.png","width":120,"height":60,"caption":"LOXAM"},"image":{"@id":"https:\/\/www.loxamhune.com\/pt\/#\/schema\/logo\/image\/"},"sameAs":["https:\/\/www.facebook.com\/LoxamHune","https:\/\/www.instagram.com\/loxam_es\/","https:\/\/es.linkedin.com\/company\/loxam-espaa","https:\/\/www.youtube.com\/channel\/UCplMUWbaAgrf-A0DOJeRkRg"]}]}},"_links":{"self":[{"href":"https:\/\/www.loxamhune.com\/pt\/wp-json\/wp\/v2\/product\/242937","targetHints":{"allow":["GET"]}}],"collection":[{"href":"https:\/\/www.loxamhune.com\/pt\/wp-json\/wp\/v2\/product"}],"about":[{"href":"https:\/\/www.loxamhune.com\/pt\/wp-json\/wp\/v2\/types\/product"}],"wp:featuredmedia":[{"embeddable":true,"href":"https:\/\/www.loxamhune.com\/pt\/wp-json\/wp\/v2\/media\/242938"}],"wp:attachment":[{"href":"https:\/\/www.loxamhune.com\/pt\/wp-json\/wp\/v2\/media?parent=242937"}],"wp:term":[{"taxonomy":"product_brand","embeddable":true,"href":"https:\/\/www.loxamhune.com\/pt\/wp-json\/wp\/v2\/product_brand?post=242937"},{"taxonomy":"product_cat","embeddable":true,"href":"https:\/\/www.loxamhune.com\/pt\/wp-json\/wp\/v2\/product_cat?post=242937"},{"taxonomy":"product_tag","embeddable":true,"href":"https:\/\/www.loxamhune.com\/pt\/wp-json\/wp\/v2\/product_tag?post=242937"}],"curies":[{"name":"wp","href":"https:\/\/api.w.org\/{rel}","templated":true}]}}