{"id":243352,"date":"2025-08-05T12:17:54","date_gmt":"2025-08-05T10:17:54","guid":{"rendered":"https:\/\/www.loxamhune.com\/producto\/alquiler-de-articulada-diesel-40m\/"},"modified":"2025-09-11T15:45:38","modified_gmt":"2025-09-11T13:45:38","slug":"alquiler-de-articulada-diesel-40m","status":"publish","type":"product","link":"https:\/\/www.loxamhune.com\/pt\/producto\/alquiler-de-articulada-diesel-40m\/","title":{"rendered":"Alquiler De Articulada Diesel 40m"},"content":{"rendered":"","protected":false},"excerpt":{"rendered":"<p>Traslaci\u00f3n a m\u00e1xima altura<br \/>Giro de torreta y cesta <br \/>359\u00ba giro de brazo<br \/>Doble articulaci\u00f3n<br \/>Rueda antipinchazos<br \/>Versi\u00f3n 4&#215;4 para desplazamientos en terrenos irregulares <\/p>\n","protected":false},"featured_media":243353,"template":"","meta":{"_acf_changed":false},"product_brand":[],"product_cat":[57],"product_tag":[],"class_list":{"0":"post-243352","1":"product","2":"type-product","3":"status-publish","4":"has-post-thumbnail","6":"product_cat-plataformas-articuladas","8":"first","9":"instock","10":"taxable","11":"shipping-taxable","12":"product-type-simple"},"acf":[],"yoast_head":"<!-- This site is optimized with the Yoast SEO plugin v26.6 - https:\/\/yoast.com\/wordpress\/plugins\/seo\/ -->\n<title>Alquiler De Articulada Diesel 40m - LOXAM<\/title>\n<meta name=\"robots\" content=\"index, follow, max-snippet:-1, max-image-preview:large, max-video-preview:-1\" \/>\n<link rel=\"canonical\" href=\"https:\/\/www.loxamhune.com\/pt\/producto\/alquiler-de-articulada-diesel-40m\/\" \/>\n<meta property=\"og:locale\" content=\"pt_PT\" \/>\n<meta property=\"og:type\" content=\"article\" \/>\n<meta property=\"og:title\" content=\"Alquiler De Articulada Diesel 40m - LOXAM\" \/>\n<meta property=\"og:description\" content=\"Traslaci\u00f3n a m\u00e1xima alturaGiro de torreta y cesta 359\u00ba giro de brazoDoble articulaci\u00f3nRueda antipinchazosVersi\u00f3n 4x4 para desplazamientos en terrenos irregulares\" \/>\n<meta property=\"og:url\" content=\"https:\/\/www.loxamhune.com\/pt\/producto\/alquiler-de-articulada-diesel-40m\/\" \/>\n<meta property=\"og:site_name\" content=\"LOXAM\" \/>\n<meta property=\"article:publisher\" content=\"https:\/\/www.facebook.com\/LoxamHune\" \/>\n<meta property=\"article:modified_time\" content=\"2025-09-11T13:45:38+00:00\" \/>\n<meta property=\"og:image\" content=\"https:\/\/www.loxamhune.com\/wp-content\/uploads\/2025\/08\/lxmh-product-plataforma-elevadora-articulada-diesel-40.jpg\" \/>\n\t<meta property=\"og:image:width\" content=\"800\" \/>\n\t<meta property=\"og:image:height\" content=\"800\" \/>\n\t<meta property=\"og:image:type\" content=\"image\/jpeg\" \/>\n<meta name=\"twitter:card\" content=\"summary_large_image\" \/>\n<script type=\"application\/ld+json\" class=\"yoast-schema-graph\">{\"@context\":\"https:\/\/schema.org\",\"@graph\":[{\"@type\":\"WebPage\",\"@id\":\"https:\/\/www.loxamhune.com\/pt\/producto\/alquiler-de-articulada-diesel-40m\/\",\"url\":\"https:\/\/www.loxamhune.com\/pt\/producto\/alquiler-de-articulada-diesel-40m\/\",\"name\":\"Alquiler De Articulada Diesel 40m - LOXAM\",\"isPartOf\":{\"@id\":\"https:\/\/www.loxamhune.com\/pt\/#website\"},\"primaryImageOfPage\":{\"@id\":\"https:\/\/www.loxamhune.com\/pt\/producto\/alquiler-de-articulada-diesel-40m\/#primaryimage\"},\"image\":{\"@id\":\"https:\/\/www.loxamhune.com\/pt\/producto\/alquiler-de-articulada-diesel-40m\/#primaryimage\"},\"thumbnailUrl\":\"https:\/\/www.loxamhune.com\/wp-content\/uploads\/2025\/08\/lxmh-product-plataforma-elevadora-articulada-diesel-40.jpg\",\"datePublished\":\"2025-08-05T10:17:54+00:00\",\"dateModified\":\"2025-09-11T13:45:38+00:00\",\"breadcrumb\":{\"@id\":\"https:\/\/www.loxamhune.com\/pt\/producto\/alquiler-de-articulada-diesel-40m\/#breadcrumb\"},\"inLanguage\":\"pt-PT\",\"potentialAction\":[{\"@type\":\"ReadAction\",\"target\":[\"https:\/\/www.loxamhune.com\/pt\/producto\/alquiler-de-articulada-diesel-40m\/\"]}]},{\"@type\":\"ImageObject\",\"inLanguage\":\"pt-PT\",\"@id\":\"https:\/\/www.loxamhune.com\/pt\/producto\/alquiler-de-articulada-diesel-40m\/#primaryimage\",\"url\":\"https:\/\/www.loxamhune.com\/wp-content\/uploads\/2025\/08\/lxmh-product-plataforma-elevadora-articulada-diesel-40.jpg\",\"contentUrl\":\"https:\/\/www.loxamhune.com\/wp-content\/uploads\/2025\/08\/lxmh-product-plataforma-elevadora-articulada-diesel-40.jpg\",\"width\":800,\"height\":800},{\"@type\":\"BreadcrumbList\",\"@id\":\"https:\/\/www.loxamhune.com\/pt\/producto\/alquiler-de-articulada-diesel-40m\/#breadcrumb\",\"itemListElement\":[{\"@type\":\"ListItem\",\"position\":1,\"name\":\"Home\",\"item\":\"https:\/\/www.loxamhune.com\/pt\/\"},{\"@type\":\"ListItem\",\"position\":2,\"name\":\"Produtos\",\"item\":\"https:\/\/www.loxamhune.com\/pt\/shop\/\"},{\"@type\":\"ListItem\",\"position\":3,\"name\":\"Aluguer de Plataforma Articulada Diesel 40 m\"}]},{\"@type\":\"WebSite\",\"@id\":\"https:\/\/www.loxamhune.com\/pt\/#website\",\"url\":\"https:\/\/www.loxamhune.com\/pt\/\",\"name\":\"LOXAM\",\"description\":\"Mucho m\u00e1s que un alquiler. L\u00edderes en alquiler de maquinaria y plataformas elevadoras en Espa\u00f1a y Portugal. Especialistas en Formaci\u00f3n y Eventos.\",\"publisher\":{\"@id\":\"https:\/\/www.loxamhune.com\/pt\/#organization\"},\"alternateName\":\"LOXAM\",\"potentialAction\":[{\"@type\":\"SearchAction\",\"target\":{\"@type\":\"EntryPoint\",\"urlTemplate\":\"https:\/\/www.loxamhune.com\/pt\/?s={search_term_string}\"},\"query-input\":{\"@type\":\"PropertyValueSpecification\",\"valueRequired\":true,\"valueName\":\"search_term_string\"}}],\"inLanguage\":\"pt-PT\"},{\"@type\":\"Organization\",\"@id\":\"https:\/\/www.loxamhune.com\/pt\/#organization\",\"name\":\"LOXAM\",\"url\":\"https:\/\/www.loxamhune.com\/pt\/\",\"logo\":{\"@type\":\"ImageObject\",\"inLanguage\":\"pt-PT\",\"@id\":\"https:\/\/www.loxamhune.com\/pt\/#\/schema\/logo\/image\/\",\"url\":\"https:\/\/www.loxamhune.com\/wp-content\/uploads\/2020\/09\/LOXAMHUNE.png\",\"contentUrl\":\"https:\/\/www.loxamhune.com\/wp-content\/uploads\/2020\/09\/LOXAMHUNE.png\",\"width\":120,\"height\":60,\"caption\":\"LOXAM\"},\"image\":{\"@id\":\"https:\/\/www.loxamhune.com\/pt\/#\/schema\/logo\/image\/\"},\"sameAs\":[\"https:\/\/www.facebook.com\/LoxamHune\",\"https:\/\/www.instagram.com\/loxam_es\/\",\"https:\/\/es.linkedin.com\/company\/loxam-espaa\",\"https:\/\/www.youtube.com\/channel\/UCplMUWbaAgrf-A0DOJeRkRg\"]}]}<\/script>\n<!-- \/ Yoast SEO plugin. -->","yoast_head_json":{"title":"Alquiler De Articulada Diesel 40m - LOXAM","robots":{"index":"index","follow":"follow","max-snippet":"max-snippet:-1","max-image-preview":"max-image-preview:large","max-video-preview":"max-video-preview:-1"},"canonical":"https:\/\/www.loxamhune.com\/pt\/producto\/alquiler-de-articulada-diesel-40m\/","og_locale":"pt_PT","og_type":"article","og_title":"Alquiler De Articulada Diesel 40m - LOXAM","og_description":"Traslaci\u00f3n a m\u00e1xima alturaGiro de torreta y cesta 359\u00ba giro de brazoDoble articulaci\u00f3nRueda antipinchazosVersi\u00f3n 4x4 para desplazamientos en terrenos irregulares","og_url":"https:\/\/www.loxamhune.com\/pt\/producto\/alquiler-de-articulada-diesel-40m\/","og_site_name":"LOXAM","article_publisher":"https:\/\/www.facebook.com\/LoxamHune","article_modified_time":"2025-09-11T13:45:38+00:00","og_image":[{"width":800,"height":800,"url":"https:\/\/www.loxamhune.com\/wp-content\/uploads\/2025\/08\/lxmh-product-plataforma-elevadora-articulada-diesel-40.jpg","type":"image\/jpeg"}],"twitter_card":"summary_large_image","schema":{"@context":"https:\/\/schema.org","@graph":[{"@type":"WebPage","@id":"https:\/\/www.loxamhune.com\/pt\/producto\/alquiler-de-articulada-diesel-40m\/","url":"https:\/\/www.loxamhune.com\/pt\/producto\/alquiler-de-articulada-diesel-40m\/","name":"Alquiler De Articulada Diesel 40m - LOXAM","isPartOf":{"@id":"https:\/\/www.loxamhune.com\/pt\/#website"},"primaryImageOfPage":{"@id":"https:\/\/www.loxamhune.com\/pt\/producto\/alquiler-de-articulada-diesel-40m\/#primaryimage"},"image":{"@id":"https:\/\/www.loxamhune.com\/pt\/producto\/alquiler-de-articulada-diesel-40m\/#primaryimage"},"thumbnailUrl":"https:\/\/www.loxamhune.com\/wp-content\/uploads\/2025\/08\/lxmh-product-plataforma-elevadora-articulada-diesel-40.jpg","datePublished":"2025-08-05T10:17:54+00:00","dateModified":"2025-09-11T13:45:38+00:00","breadcrumb":{"@id":"https:\/\/www.loxamhune.com\/pt\/producto\/alquiler-de-articulada-diesel-40m\/#breadcrumb"},"inLanguage":"pt-PT","potentialAction":[{"@type":"ReadAction","target":["https:\/\/www.loxamhune.com\/pt\/producto\/alquiler-de-articulada-diesel-40m\/"]}]},{"@type":"ImageObject","inLanguage":"pt-PT","@id":"https:\/\/www.loxamhune.com\/pt\/producto\/alquiler-de-articulada-diesel-40m\/#primaryimage","url":"https:\/\/www.loxamhune.com\/wp-content\/uploads\/2025\/08\/lxmh-product-plataforma-elevadora-articulada-diesel-40.jpg","contentUrl":"https:\/\/www.loxamhune.com\/wp-content\/uploads\/2025\/08\/lxmh-product-plataforma-elevadora-articulada-diesel-40.jpg","width":800,"height":800},{"@type":"BreadcrumbList","@id":"https:\/\/www.loxamhune.com\/pt\/producto\/alquiler-de-articulada-diesel-40m\/#breadcrumb","itemListElement":[{"@type":"ListItem","position":1,"name":"Home","item":"https:\/\/www.loxamhune.com\/pt\/"},{"@type":"ListItem","position":2,"name":"Produtos","item":"https:\/\/www.loxamhune.com\/pt\/shop\/"},{"@type":"ListItem","position":3,"name":"Aluguer de Plataforma Articulada Diesel 40 m"}]},{"@type":"WebSite","@id":"https:\/\/www.loxamhune.com\/pt\/#website","url":"https:\/\/www.loxamhune.com\/pt\/","name":"LOXAM","description":"Mucho m\u00e1s que un alquiler. L\u00edderes en alquiler de maquinaria y plataformas elevadoras en Espa\u00f1a y Portugal. Especialistas en Formaci\u00f3n y Eventos.","publisher":{"@id":"https:\/\/www.loxamhune.com\/pt\/#organization"},"alternateName":"LOXAM","potentialAction":[{"@type":"SearchAction","target":{"@type":"EntryPoint","urlTemplate":"https:\/\/www.loxamhune.com\/pt\/?s={search_term_string}"},"query-input":{"@type":"PropertyValueSpecification","valueRequired":true,"valueName":"search_term_string"}}],"inLanguage":"pt-PT"},{"@type":"Organization","@id":"https:\/\/www.loxamhune.com\/pt\/#organization","name":"LOXAM","url":"https:\/\/www.loxamhune.com\/pt\/","logo":{"@type":"ImageObject","inLanguage":"pt-PT","@id":"https:\/\/www.loxamhune.com\/pt\/#\/schema\/logo\/image\/","url":"https:\/\/www.loxamhune.com\/wp-content\/uploads\/2020\/09\/LOXAMHUNE.png","contentUrl":"https:\/\/www.loxamhune.com\/wp-content\/uploads\/2020\/09\/LOXAMHUNE.png","width":120,"height":60,"caption":"LOXAM"},"image":{"@id":"https:\/\/www.loxamhune.com\/pt\/#\/schema\/logo\/image\/"},"sameAs":["https:\/\/www.facebook.com\/LoxamHune","https:\/\/www.instagram.com\/loxam_es\/","https:\/\/es.linkedin.com\/company\/loxam-espaa","https:\/\/www.youtube.com\/channel\/UCplMUWbaAgrf-A0DOJeRkRg"]}]}},"_links":{"self":[{"href":"https:\/\/www.loxamhune.com\/pt\/wp-json\/wp\/v2\/product\/243352","targetHints":{"allow":["GET"]}}],"collection":[{"href":"https:\/\/www.loxamhune.com\/pt\/wp-json\/wp\/v2\/product"}],"about":[{"href":"https:\/\/www.loxamhune.com\/pt\/wp-json\/wp\/v2\/types\/product"}],"wp:featuredmedia":[{"embeddable":true,"href":"https:\/\/www.loxamhune.com\/pt\/wp-json\/wp\/v2\/media\/243353"}],"wp:attachment":[{"href":"https:\/\/www.loxamhune.com\/pt\/wp-json\/wp\/v2\/media?parent=243352"}],"wp:term":[{"taxonomy":"product_brand","embeddable":true,"href":"https:\/\/www.loxamhune.com\/pt\/wp-json\/wp\/v2\/product_brand?post=243352"},{"taxonomy":"product_cat","embeddable":true,"href":"https:\/\/www.loxamhune.com\/pt\/wp-json\/wp\/v2\/product_cat?post=243352"},{"taxonomy":"product_tag","embeddable":true,"href":"https:\/\/www.loxamhune.com\/pt\/wp-json\/wp\/v2\/product_tag?post=243352"}],"curies":[{"name":"wp","href":"https:\/\/api.w.org\/{rel}","templated":true}]}}