{"id":243439,"date":"2025-08-05T12:20:04","date_gmt":"2025-08-05T10:20:04","guid":{"rendered":"https:\/\/www.loxamhune.com\/producto\/alquiler-de-plataforma-sobre-pick-up-16m\/"},"modified":"2025-09-11T15:46:10","modified_gmt":"2025-09-11T13:46:10","slug":"alquiler-de-plataforma-sobre-pick-up-16m","status":"publish","type":"product","link":"https:\/\/www.loxamhune.com\/pt\/producto\/alquiler-de-plataforma-sobre-pick-up-16m\/","title":{"rendered":"Alquiler De Plataforma Sobre Pick Up 16m"},"content":{"rendered":"","protected":false},"excerpt":{"rendered":"<p>Las plataformas sobre pickup de 16 metros ofrecen caracter\u00edsticas comerciales destacadas, como alta movilidad gracias a su montaje sobre un veh\u00edculo, lo que permite desplazamientos r\u00e1pidos entre distintos sitios de trabajo. Cuentan con estabilizadores robustos para asegurar una base firme durante el uso. Su dise\u00f1o compacto facilita la navegaci\u00f3n en espacios reducidos y la operaci\u00f3n es intuitiva, lo que reduce el tiempo de entrenamiento necesario. Adem\u00e1s, tienen una capacidad de carga considerable, permitiendo llevar herramientas y materiales de trabajo conjuntamente.<\/p>\n","protected":false},"featured_media":243440,"template":"","meta":{"_acf_changed":false},"product_brand":[],"product_cat":[226],"product_tag":[],"class_list":{"0":"post-243439","1":"product","2":"type-product","3":"status-publish","4":"has-post-thumbnail","6":"product_cat-plataforma-sobre-pickup","8":"first","9":"instock","10":"taxable","11":"shipping-taxable","12":"product-type-simple"},"acf":[],"yoast_head":"<!-- This site is optimized with the Yoast SEO plugin v26.6 - https:\/\/yoast.com\/wordpress\/plugins\/seo\/ -->\n<title>Alquiler De Plataforma Sobre Pick Up 16m - LOXAM<\/title>\n<meta name=\"robots\" content=\"index, follow, max-snippet:-1, max-image-preview:large, max-video-preview:-1\" \/>\n<link rel=\"canonical\" href=\"https:\/\/www.loxamhune.com\/pt\/producto\/alquiler-de-plataforma-sobre-pick-up-16m\/\" \/>\n<meta property=\"og:locale\" content=\"pt_PT\" \/>\n<meta property=\"og:type\" content=\"article\" \/>\n<meta property=\"og:title\" content=\"Alquiler De Plataforma Sobre Pick Up 16m - LOXAM\" \/>\n<meta property=\"og:description\" content=\"Las plataformas sobre pickup de 16 metros ofrecen caracter\u00edsticas comerciales destacadas, como alta movilidad gracias a su montaje sobre un veh\u00edculo, lo que permite desplazamientos r\u00e1pidos entre distintos sitios de trabajo. Cuentan con estabilizadores robustos para asegurar una base firme durante el uso. Su dise\u00f1o compacto facilita la navegaci\u00f3n en espacios reducidos y la operaci\u00f3n es intuitiva, lo que reduce el tiempo de entrenamiento necesario. Adem\u00e1s, tienen una capacidad de carga considerable, permitiendo llevar herramientas y materiales de trabajo conjuntamente.\" \/>\n<meta property=\"og:url\" content=\"https:\/\/www.loxamhune.com\/pt\/producto\/alquiler-de-plataforma-sobre-pick-up-16m\/\" \/>\n<meta property=\"og:site_name\" content=\"LOXAM\" \/>\n<meta property=\"article:publisher\" content=\"https:\/\/www.facebook.com\/LoxamHune\" \/>\n<meta property=\"article:modified_time\" content=\"2025-09-11T13:46:10+00:00\" \/>\n<meta property=\"og:image\" content=\"https:\/\/www.loxamhune.com\/wp-content\/uploads\/2025\/08\/lxmh-product-Pickup16-Plataforma-sobre-Pick-Up-16m-01.jpg\" \/>\n\t<meta property=\"og:image:width\" content=\"1000\" \/>\n\t<meta property=\"og:image:height\" content=\"750\" \/>\n\t<meta property=\"og:image:type\" content=\"image\/jpeg\" \/>\n<meta name=\"twitter:card\" content=\"summary_large_image\" \/>\n<script type=\"application\/ld+json\" class=\"yoast-schema-graph\">{\"@context\":\"https:\/\/schema.org\",\"@graph\":[{\"@type\":\"WebPage\",\"@id\":\"https:\/\/www.loxamhune.com\/pt\/producto\/alquiler-de-plataforma-sobre-pick-up-16m\/\",\"url\":\"https:\/\/www.loxamhune.com\/pt\/producto\/alquiler-de-plataforma-sobre-pick-up-16m\/\",\"name\":\"Alquiler De Plataforma Sobre Pick Up 16m - LOXAM\",\"isPartOf\":{\"@id\":\"https:\/\/www.loxamhune.com\/pt\/#website\"},\"primaryImageOfPage\":{\"@id\":\"https:\/\/www.loxamhune.com\/pt\/producto\/alquiler-de-plataforma-sobre-pick-up-16m\/#primaryimage\"},\"image\":{\"@id\":\"https:\/\/www.loxamhune.com\/pt\/producto\/alquiler-de-plataforma-sobre-pick-up-16m\/#primaryimage\"},\"thumbnailUrl\":\"https:\/\/www.loxamhune.com\/wp-content\/uploads\/2025\/08\/lxmh-product-Pickup16-Plataforma-sobre-Pick-Up-16m-01.jpg\",\"datePublished\":\"2025-08-05T10:20:04+00:00\",\"dateModified\":\"2025-09-11T13:46:10+00:00\",\"breadcrumb\":{\"@id\":\"https:\/\/www.loxamhune.com\/pt\/producto\/alquiler-de-plataforma-sobre-pick-up-16m\/#breadcrumb\"},\"inLanguage\":\"pt-PT\",\"potentialAction\":[{\"@type\":\"ReadAction\",\"target\":[\"https:\/\/www.loxamhune.com\/pt\/producto\/alquiler-de-plataforma-sobre-pick-up-16m\/\"]}]},{\"@type\":\"ImageObject\",\"inLanguage\":\"pt-PT\",\"@id\":\"https:\/\/www.loxamhune.com\/pt\/producto\/alquiler-de-plataforma-sobre-pick-up-16m\/#primaryimage\",\"url\":\"https:\/\/www.loxamhune.com\/wp-content\/uploads\/2025\/08\/lxmh-product-Pickup16-Plataforma-sobre-Pick-Up-16m-01.jpg\",\"contentUrl\":\"https:\/\/www.loxamhune.com\/wp-content\/uploads\/2025\/08\/lxmh-product-Pickup16-Plataforma-sobre-Pick-Up-16m-01.jpg\",\"width\":1000,\"height\":750},{\"@type\":\"BreadcrumbList\",\"@id\":\"https:\/\/www.loxamhune.com\/pt\/producto\/alquiler-de-plataforma-sobre-pick-up-16m\/#breadcrumb\",\"itemListElement\":[{\"@type\":\"ListItem\",\"position\":1,\"name\":\"Home\",\"item\":\"https:\/\/www.loxamhune.com\/pt\/\"},{\"@type\":\"ListItem\",\"position\":2,\"name\":\"Produtos\",\"item\":\"https:\/\/www.loxamhune.com\/pt\/shop\/\"},{\"@type\":\"ListItem\",\"position\":3,\"name\":\"Alquiler De Plataforma Sobre Pick Up 16m\"}]},{\"@type\":\"WebSite\",\"@id\":\"https:\/\/www.loxamhune.com\/pt\/#website\",\"url\":\"https:\/\/www.loxamhune.com\/pt\/\",\"name\":\"LOXAM\",\"description\":\"Mucho m\u00e1s que un alquiler. L\u00edderes en alquiler de maquinaria y plataformas elevadoras en Espa\u00f1a y Portugal. Especialistas en Formaci\u00f3n y Eventos.\",\"publisher\":{\"@id\":\"https:\/\/www.loxamhune.com\/pt\/#organization\"},\"alternateName\":\"LOXAM\",\"potentialAction\":[{\"@type\":\"SearchAction\",\"target\":{\"@type\":\"EntryPoint\",\"urlTemplate\":\"https:\/\/www.loxamhune.com\/pt\/?s={search_term_string}\"},\"query-input\":{\"@type\":\"PropertyValueSpecification\",\"valueRequired\":true,\"valueName\":\"search_term_string\"}}],\"inLanguage\":\"pt-PT\"},{\"@type\":\"Organization\",\"@id\":\"https:\/\/www.loxamhune.com\/pt\/#organization\",\"name\":\"LOXAM\",\"url\":\"https:\/\/www.loxamhune.com\/pt\/\",\"logo\":{\"@type\":\"ImageObject\",\"inLanguage\":\"pt-PT\",\"@id\":\"https:\/\/www.loxamhune.com\/pt\/#\/schema\/logo\/image\/\",\"url\":\"https:\/\/www.loxamhune.com\/wp-content\/uploads\/2020\/09\/LOXAMHUNE.png\",\"contentUrl\":\"https:\/\/www.loxamhune.com\/wp-content\/uploads\/2020\/09\/LOXAMHUNE.png\",\"width\":120,\"height\":60,\"caption\":\"LOXAM\"},\"image\":{\"@id\":\"https:\/\/www.loxamhune.com\/pt\/#\/schema\/logo\/image\/\"},\"sameAs\":[\"https:\/\/www.facebook.com\/LoxamHune\",\"https:\/\/www.instagram.com\/loxam_es\/\",\"https:\/\/es.linkedin.com\/company\/loxam-espaa\",\"https:\/\/www.youtube.com\/channel\/UCplMUWbaAgrf-A0DOJeRkRg\"]}]}<\/script>\n<!-- \/ Yoast SEO plugin. -->","yoast_head_json":{"title":"Alquiler De Plataforma Sobre Pick Up 16m - LOXAM","robots":{"index":"index","follow":"follow","max-snippet":"max-snippet:-1","max-image-preview":"max-image-preview:large","max-video-preview":"max-video-preview:-1"},"canonical":"https:\/\/www.loxamhune.com\/pt\/producto\/alquiler-de-plataforma-sobre-pick-up-16m\/","og_locale":"pt_PT","og_type":"article","og_title":"Alquiler De Plataforma Sobre Pick Up 16m - LOXAM","og_description":"Las plataformas sobre pickup de 16 metros ofrecen caracter\u00edsticas comerciales destacadas, como alta movilidad gracias a su montaje sobre un veh\u00edculo, lo que permite desplazamientos r\u00e1pidos entre distintos sitios de trabajo. Cuentan con estabilizadores robustos para asegurar una base firme durante el uso. Su dise\u00f1o compacto facilita la navegaci\u00f3n en espacios reducidos y la operaci\u00f3n es intuitiva, lo que reduce el tiempo de entrenamiento necesario. Adem\u00e1s, tienen una capacidad de carga considerable, permitiendo llevar herramientas y materiales de trabajo conjuntamente.","og_url":"https:\/\/www.loxamhune.com\/pt\/producto\/alquiler-de-plataforma-sobre-pick-up-16m\/","og_site_name":"LOXAM","article_publisher":"https:\/\/www.facebook.com\/LoxamHune","article_modified_time":"2025-09-11T13:46:10+00:00","og_image":[{"width":1000,"height":750,"url":"https:\/\/www.loxamhune.com\/wp-content\/uploads\/2025\/08\/lxmh-product-Pickup16-Plataforma-sobre-Pick-Up-16m-01.jpg","type":"image\/jpeg"}],"twitter_card":"summary_large_image","schema":{"@context":"https:\/\/schema.org","@graph":[{"@type":"WebPage","@id":"https:\/\/www.loxamhune.com\/pt\/producto\/alquiler-de-plataforma-sobre-pick-up-16m\/","url":"https:\/\/www.loxamhune.com\/pt\/producto\/alquiler-de-plataforma-sobre-pick-up-16m\/","name":"Alquiler De Plataforma Sobre Pick Up 16m - LOXAM","isPartOf":{"@id":"https:\/\/www.loxamhune.com\/pt\/#website"},"primaryImageOfPage":{"@id":"https:\/\/www.loxamhune.com\/pt\/producto\/alquiler-de-plataforma-sobre-pick-up-16m\/#primaryimage"},"image":{"@id":"https:\/\/www.loxamhune.com\/pt\/producto\/alquiler-de-plataforma-sobre-pick-up-16m\/#primaryimage"},"thumbnailUrl":"https:\/\/www.loxamhune.com\/wp-content\/uploads\/2025\/08\/lxmh-product-Pickup16-Plataforma-sobre-Pick-Up-16m-01.jpg","datePublished":"2025-08-05T10:20:04+00:00","dateModified":"2025-09-11T13:46:10+00:00","breadcrumb":{"@id":"https:\/\/www.loxamhune.com\/pt\/producto\/alquiler-de-plataforma-sobre-pick-up-16m\/#breadcrumb"},"inLanguage":"pt-PT","potentialAction":[{"@type":"ReadAction","target":["https:\/\/www.loxamhune.com\/pt\/producto\/alquiler-de-plataforma-sobre-pick-up-16m\/"]}]},{"@type":"ImageObject","inLanguage":"pt-PT","@id":"https:\/\/www.loxamhune.com\/pt\/producto\/alquiler-de-plataforma-sobre-pick-up-16m\/#primaryimage","url":"https:\/\/www.loxamhune.com\/wp-content\/uploads\/2025\/08\/lxmh-product-Pickup16-Plataforma-sobre-Pick-Up-16m-01.jpg","contentUrl":"https:\/\/www.loxamhune.com\/wp-content\/uploads\/2025\/08\/lxmh-product-Pickup16-Plataforma-sobre-Pick-Up-16m-01.jpg","width":1000,"height":750},{"@type":"BreadcrumbList","@id":"https:\/\/www.loxamhune.com\/pt\/producto\/alquiler-de-plataforma-sobre-pick-up-16m\/#breadcrumb","itemListElement":[{"@type":"ListItem","position":1,"name":"Home","item":"https:\/\/www.loxamhune.com\/pt\/"},{"@type":"ListItem","position":2,"name":"Produtos","item":"https:\/\/www.loxamhune.com\/pt\/shop\/"},{"@type":"ListItem","position":3,"name":"Alquiler De Plataforma Sobre Pick Up 16m"}]},{"@type":"WebSite","@id":"https:\/\/www.loxamhune.com\/pt\/#website","url":"https:\/\/www.loxamhune.com\/pt\/","name":"LOXAM","description":"Mucho m\u00e1s que un alquiler. L\u00edderes en alquiler de maquinaria y plataformas elevadoras en Espa\u00f1a y Portugal. Especialistas en Formaci\u00f3n y Eventos.","publisher":{"@id":"https:\/\/www.loxamhune.com\/pt\/#organization"},"alternateName":"LOXAM","potentialAction":[{"@type":"SearchAction","target":{"@type":"EntryPoint","urlTemplate":"https:\/\/www.loxamhune.com\/pt\/?s={search_term_string}"},"query-input":{"@type":"PropertyValueSpecification","valueRequired":true,"valueName":"search_term_string"}}],"inLanguage":"pt-PT"},{"@type":"Organization","@id":"https:\/\/www.loxamhune.com\/pt\/#organization","name":"LOXAM","url":"https:\/\/www.loxamhune.com\/pt\/","logo":{"@type":"ImageObject","inLanguage":"pt-PT","@id":"https:\/\/www.loxamhune.com\/pt\/#\/schema\/logo\/image\/","url":"https:\/\/www.loxamhune.com\/wp-content\/uploads\/2020\/09\/LOXAMHUNE.png","contentUrl":"https:\/\/www.loxamhune.com\/wp-content\/uploads\/2020\/09\/LOXAMHUNE.png","width":120,"height":60,"caption":"LOXAM"},"image":{"@id":"https:\/\/www.loxamhune.com\/pt\/#\/schema\/logo\/image\/"},"sameAs":["https:\/\/www.facebook.com\/LoxamHune","https:\/\/www.instagram.com\/loxam_es\/","https:\/\/es.linkedin.com\/company\/loxam-espaa","https:\/\/www.youtube.com\/channel\/UCplMUWbaAgrf-A0DOJeRkRg"]}]}},"_links":{"self":[{"href":"https:\/\/www.loxamhune.com\/pt\/wp-json\/wp\/v2\/product\/243439","targetHints":{"allow":["GET"]}}],"collection":[{"href":"https:\/\/www.loxamhune.com\/pt\/wp-json\/wp\/v2\/product"}],"about":[{"href":"https:\/\/www.loxamhune.com\/pt\/wp-json\/wp\/v2\/types\/product"}],"wp:featuredmedia":[{"embeddable":true,"href":"https:\/\/www.loxamhune.com\/pt\/wp-json\/wp\/v2\/media\/243440"}],"wp:attachment":[{"href":"https:\/\/www.loxamhune.com\/pt\/wp-json\/wp\/v2\/media?parent=243439"}],"wp:term":[{"taxonomy":"product_brand","embeddable":true,"href":"https:\/\/www.loxamhune.com\/pt\/wp-json\/wp\/v2\/product_brand?post=243439"},{"taxonomy":"product_cat","embeddable":true,"href":"https:\/\/www.loxamhune.com\/pt\/wp-json\/wp\/v2\/product_cat?post=243439"},{"taxonomy":"product_tag","embeddable":true,"href":"https:\/\/www.loxamhune.com\/pt\/wp-json\/wp\/v2\/product_tag?post=243439"}],"curies":[{"name":"wp","href":"https:\/\/api.w.org\/{rel}","templated":true}]}}